{"id":260,"date":"2020-02-17T10:46:11","date_gmt":"2020-02-17T10:46:11","guid":{"rendered":"https:\/\/demosites.io\/vacantion-rental-gb\/?page_id=260"},"modified":"2024-08-09T07:41:32","modified_gmt":"2024-08-09T07:41:32","slug":"0f1ae-about","status":"publish","type":"page","link":"https:\/\/opg-ivakic.hr\/index.php\/0f1ae-about\/","title":{"rendered":"O nama"},"content":{"rendered":"\n<div id=\"wp-block-themeisle-blocks-advanced-columns-0eeb8412\" class=\"wp-block-themeisle-blocks-advanced-columns has-1-columns has-desktop-equal-layout has-tablet-equal-layout has-mobile-equal-layout has-vertical-unset\"><div class=\"wp-block-themeisle-blocks-advanced-columns-overlay\"><\/div><div class=\"innerblocks-wrap\">\n<div id=\"wp-block-themeisle-blocks-advanced-column-592b4caf\" class=\"wp-block-themeisle-blocks-advanced-column\">\n<div class=\"wp-block-cover has-large-font-size wp-duotone-unset-1\" style=\"border-style:none;border-width:0px;border-radius:0px;padding-top:0;padding-right:0;padding-bottom:0;padding-left:0;min-height:480px;aspect-ratio:unset;\"><span aria-hidden=\"true\" class=\"wp-block-cover__background has-background-dim\" style=\"background-color:#667aa7\"><\/span><img loading=\"lazy\" decoding=\"async\" width=\"2560\" height=\"1920\" class=\"wp-block-cover__image-background wp-image-480\" alt=\"\" src=\"https:\/\/opg-ivakic.hr\/wp-content\/uploads\/2024\/08\/IMG_20240730_125906-mala-2-scaled.jpg\" style=\"object-position:39% 69%\" data-object-fit=\"cover\" data-object-position=\"39% 69%\" srcset=\"https:\/\/opg-ivakic.hr\/wp-content\/uploads\/2024\/08\/IMG_20240730_125906-mala-2-scaled.jpg 2560w, https:\/\/opg-ivakic.hr\/wp-content\/uploads\/2024\/08\/IMG_20240730_125906-mala-2-300x225.jpg 300w, https:\/\/opg-ivakic.hr\/wp-content\/uploads\/2024\/08\/IMG_20240730_125906-mala-2-1024x768.jpg 1024w, https:\/\/opg-ivakic.hr\/wp-content\/uploads\/2024\/08\/IMG_20240730_125906-mala-2-768x576.jpg 768w, https:\/\/opg-ivakic.hr\/wp-content\/uploads\/2024\/08\/IMG_20240730_125906-mala-2-1536x1152.jpg 1536w, https:\/\/opg-ivakic.hr\/wp-content\/uploads\/2024\/08\/IMG_20240730_125906-mala-2-2048x1536.jpg 2048w\" sizes=\"auto, (max-width: 2560px) 100vw, 2560px\" \/><div class=\"wp-block-cover__inner-container is-layout-constrained wp-container-core-cover-is-layout-c6b4b7cd wp-block-cover-is-layout-constrained\">\n<span id=\"wp-block-themeisle-blocks-advanced-heading-e343c054\" class=\"wp-block-themeisle-blocks-advanced-heading wp-block-themeisle-blocks-advanced-heading-e343c054\"><\/span>\n\n\n\n<h1 class=\"wp-block-heading has-text-align-center has-nv-text-dark-bg-color has-text-color\">O na\u0161oj ku\u0107i<\/h1>\n<\/div><\/div>\n<\/div>\n<\/div><\/div>\n\n\n\n<section id=\"wp-block-themeisle-blocks-advanced-columns-4c52c309\" class=\"wp-block-themeisle-blocks-advanced-columns alignfull has-1-columns has-desktop-equal-layout has-tablet-equal-layout has-mobile-equal-layout has-vertical-flex-start\"><div class=\"wp-block-themeisle-blocks-advanced-columns-overlay\"><\/div><div class=\"innerblocks-wrap\">\n<div id=\"wp-block-themeisle-blocks-advanced-column-a41124ba\" class=\"wp-block-themeisle-blocks-advanced-column\">\n<section id=\"wp-block-themeisle-blocks-advanced-columns-006c0d09\" class=\"wp-block-themeisle-blocks-advanced-columns has-2-columns has-desktop-equal-layout has-tablet-equal-layout has-mobile-collapsedRows-layout has-vertical-center\"><div class=\"wp-block-themeisle-blocks-advanced-columns-overlay\"><\/div><div class=\"innerblocks-wrap\">\n<div id=\"wp-block-themeisle-blocks-advanced-column-bde6e27b\" class=\"wp-block-themeisle-blocks-advanced-column\">\n<div id=\"wp-block-themeisle-blocks-advanced-heading-577ff92f\" class=\"wp-block-themeisle-blocks-advanced-heading wp-block-themeisle-blocks-advanced-heading-577ff92f\"><\/div>\n\n\n\n<h2 class=\"wp-block-heading wp-block-themeisle-blocks-advanced-heading wp-block-themeisle-blocks-advanced-heading-e409c395\" id=\"wp-block-themeisle-blocks-advanced-heading-e409c395\"><\/h2>\n\n\n\n<p>Dobrodo\u0161li na OPG IVAKI\u0106, obiteljsko poljoprivredno gospodarstvo koje s ponosom njeguje tradiciju ekolo\u0161kog uzgoja lje\u0161njaka i nudi jedinstven do\u017eivljaj ruralnog odmora. Na\u0161 OPG smje\u0161ten je u srcu prirode, gdje na 10-tak hektara plodnog tla raste oko 5000 sadnica lje\u0161njaka. S ljubavlju i pa\u017enjom brinemo o svakom detalju, od sadnje do berbe, kako bismo Vam pru\u017eili vrhunske proizvode koje mo\u017eete ponijeti ku\u0107i.<\/p>\n\n\n\n<p>Na\u0161a ponuda ne staje na poljoprivredi. Na istom posjedu, okru\u017eenom nasadima lje\u0161njaka, nalazi se i <strong>ruralna ku\u0107a za odmor Lje\u0161nica<\/strong>. Ova moderna ku\u0107a pru\u017ea savr\u0161en spoj prirodnog okru\u017eenja i suvremene udobnosti. S kapacitetom za 2+2 osobe, Lje\u0161nica je idealno mjesto za parove, obitelji ili prijatelje koji \u017eele pobje\u0107i od gradske vreve i u\u017eivati u miru i ti\u0161ini.<\/p>\n\n\n\n<p>Ku\u0107a je opremljena modernim namje\u0161tajem, a nudi i sve potrebne sadr\u017eaje za ugodan boravak: besplatan Wi-Fi, potpuno opremljenu kuhinju, kupaonicu s WC-om, udoban bra\u010dni krevet, te prostrani kau\u010d na razvla\u010denje. Dva parkirna mjesta su dostupna na posjedu, omogu\u0107uju\u0107i Vam bezbri\u017ean dolazak i boravak.<\/p>\n\n\n\n<p>OPG IVAKI\u0106 i ruralna ku\u0107a za odmor Lje\u0161nica nude Vam jedinstvenu priliku da do\u017eivite prirodu na poseban na\u010din, u\u017eivaju\u0107i u autenti\u010dnom ruralnom ambijentu, ali bez odricanja od suvremene udobnosti. Bilo da \u017eelite istra\u017eiti ljepote prirode, nau\u010diti ne\u0161to novo o uzgoju lje\u0161njaka ili jednostavno u\u017eivati u miru, na\u0161 posjed je savr\u0161eno mjesto za to.<\/p>\n\n\n\n<p>Posjetite nas i do\u017eivite \u010daroliju \u017eivota u skladu s prirodom!<br><\/p>\n<\/div>\n\n\n\n<div id=\"wp-block-themeisle-blocks-advanced-column-08c07b81\" class=\"wp-block-themeisle-blocks-advanced-column\">\n<figure class=\"wp-block-image size-large\"><img loading=\"lazy\" decoding=\"async\" width=\"1024\" height=\"525\" src=\"https:\/\/opg-ivakic.hr\/wp-content\/uploads\/2024\/08\/IMG_20240730_123730-mala-1024x525.jpg\" alt=\"\" class=\"wp-image-96\" srcset=\"https:\/\/opg-ivakic.hr\/wp-content\/uploads\/2024\/08\/IMG_20240730_123730-mala-1024x525.jpg 1024w, https:\/\/opg-ivakic.hr\/wp-content\/uploads\/2024\/08\/IMG_20240730_123730-mala-300x154.jpg 300w, https:\/\/opg-ivakic.hr\/wp-content\/uploads\/2024\/08\/IMG_20240730_123730-mala-768x393.jpg 768w, https:\/\/opg-ivakic.hr\/wp-content\/uploads\/2024\/08\/IMG_20240730_123730-mala-1536x787.jpg 1536w, https:\/\/opg-ivakic.hr\/wp-content\/uploads\/2024\/08\/IMG_20240730_123730-mala-2048x1049.jpg 2048w\" sizes=\"auto, (max-width: 1024px) 100vw, 1024px\" \/><\/figure>\n<\/div>\n<\/div><\/section>\n<\/div>\n<\/div><\/section>\n\n\n\n<section id=\"wp-block-themeisle-blocks-advanced-columns-9dbe9c68\" class=\"wp-block-themeisle-blocks-advanced-columns alignfull has-1-columns has-desktop-equal-layout has-tablet-equal-layout has-mobile-equal-layout has-vertical-flex-start has-light-bg\"><div class=\"wp-block-themeisle-blocks-advanced-columns-overlay\"><\/div><div class=\"innerblocks-wrap\">\n<div id=\"wp-block-themeisle-blocks-advanced-column-9e68e2b0\" class=\"wp-block-themeisle-blocks-advanced-column\">\n<section id=\"wp-block-themeisle-blocks-advanced-columns-e9c4a9a1\" class=\"wp-block-themeisle-blocks-advanced-columns has-1-columns has-desktop-equal-layout has-tablet-equal-layout has-mobile-equal-layout has-vertical-flex-start\"><div class=\"wp-block-themeisle-blocks-advanced-columns-overlay\"><\/div><div class=\"innerblocks-wrap\">\n<div id=\"wp-block-themeisle-blocks-advanced-column-8d54bc83\" class=\"wp-block-themeisle-blocks-advanced-column\">\n<div id=\"wp-block-themeisle-blocks-advanced-heading-0ef9f8b3\" class=\"wp-block-themeisle-blocks-advanced-heading wp-block-themeisle-blocks-advanced-heading-0ef9f8b3\"><\/div>\n\n\n\n<h2 class=\"wp-block-heading has-text-align-center has-nv-dark-bg-color has-text-color\">Na\u0161a ku\u0107a<\/h2>\n\n\n\n<hr class=\"wp-block-separator has-text-color has-nv-c-1-color has-css-opacity has-nv-c-1-background-color has-background\"\/>\n<\/div>\n<\/div><\/section>\n\n\n\n<section id=\"wp-block-themeisle-blocks-advanced-columns-cae2ec5f\" class=\"wp-block-themeisle-blocks-advanced-columns has-1-columns has-desktop-equal-layout has-tablet-equal-layout has-mobile-collapsedRows-layout has-vertical-flex-start\"><div class=\"wp-block-themeisle-blocks-advanced-columns-overlay\"><\/div><div class=\"innerblocks-wrap\">\n<div id=\"wp-block-themeisle-blocks-advanced-column-d937541f\" class=\"wp-block-themeisle-blocks-advanced-column\">\n<figure class=\"wp-block-image size-large is-resized\"><img loading=\"lazy\" decoding=\"async\" width=\"1024\" height=\"768\" src=\"https:\/\/opg-ivakic.hr\/wp-content\/uploads\/2024\/08\/IMG_20240730_124430-mala-1024x768.jpg\" alt=\"\" class=\"wp-image-105\" style=\"width:1127px;height:auto\" srcset=\"https:\/\/opg-ivakic.hr\/wp-content\/uploads\/2024\/08\/IMG_20240730_124430-mala-1024x768.jpg 1024w, https:\/\/opg-ivakic.hr\/wp-content\/uploads\/2024\/08\/IMG_20240730_124430-mala-300x225.jpg 300w, https:\/\/opg-ivakic.hr\/wp-content\/uploads\/2024\/08\/IMG_20240730_124430-mala-768x576.jpg 768w, https:\/\/opg-ivakic.hr\/wp-content\/uploads\/2024\/08\/IMG_20240730_124430-mala-1536x1152.jpg 1536w, https:\/\/opg-ivakic.hr\/wp-content\/uploads\/2024\/08\/IMG_20240730_124430-mala-2048x1536.jpg 2048w\" sizes=\"auto, (max-width: 1024px) 100vw, 1024px\" \/><\/figure>\n\n\n\n<div style=\"height:16px\" aria-hidden=\"true\" class=\"wp-block-spacer\"><\/div>\n\n\n\n<span id=\"wp-block-themeisle-blocks-advanced-heading-c35b289e\" class=\"wp-block-themeisle-blocks-advanced-heading wp-block-themeisle-blocks-advanced-heading-c35b289e\"> Bra\u010dni krevet i kutna garnitura na razvla\u010denje<\/span>\n\n\n\n<h3 id=\"wp-block-themeisle-blocks-advanced-heading-1cdaba8e\" class=\"wp-block-themeisle-blocks-advanced-heading wp-block-themeisle-blocks-advanced-heading-1cdaba8e\">  Lje\u0161nica  <\/h3>\n\n\n\n<p class=\"has-text-align-center has-nv-dark-bg-color has-text-color\"><\/p>\n\n\n\n<div class=\"wp-block-buttons is-horizontal is-content-justification-center is-layout-flex wp-container-core-buttons-is-layout-499968f5 wp-block-buttons-is-layout-flex\">\n<div class=\"wp-block-button is-style-primary\"><a class=\"wp-block-button__link wp-element-button\" href=\"https:\/\/opg-ivakic.hr\/index.php\/0f1ae-room-single\/\">Pogled na ku\u0107u<\/a><\/div>\n<\/div>\n<\/div>\n<\/div><\/section>\n<\/div>\n<\/div><\/section>\n","protected":false},"excerpt":{"rendered":"","protected":false},"author":1,"featured_media":0,"parent":0,"menu_order":0,"comment_status":"closed","ping_status":"closed","template":"page-templates\/template-pagebuilder-full-width.php","meta":{"neve_meta_sidebar":"full-width","neve_meta_container":"full-width","neve_meta_enable_content_width":"on","neve_meta_content_width":100,"neve_meta_title_alignment":"center","neve_meta_author_avatar":"","neve_post_elements_order":"","neve_meta_disable_header":"","neve_meta_disable_footer":"","neve_meta_disable_title":"","_themeisle_gutenberg_block_has_review":false,"_ti_tpc_template_sync":false,"_ti_tpc_template_id":"74w3sm0kuwtrydpe4739","footnotes":""},"class_list":["post-260","page","type-page","status-publish","hentry"],"_links":{"self":[{"href":"https:\/\/opg-ivakic.hr\/index.php\/wp-json\/wp\/v2\/pages\/260","targetHints":{"allow":["GET"]}}],"collection":[{"href":"https:\/\/opg-ivakic.hr\/index.php\/wp-json\/wp\/v2\/pages"}],"about":[{"href":"https:\/\/opg-ivakic.hr\/index.php\/wp-json\/wp\/v2\/types\/page"}],"author":[{"embeddable":true,"href":"https:\/\/opg-ivakic.hr\/index.php\/wp-json\/wp\/v2\/users\/1"}],"replies":[{"embeddable":true,"href":"https:\/\/opg-ivakic.hr\/index.php\/wp-json\/wp\/v2\/comments?post=260"}],"version-history":[{"count":16,"href":"https:\/\/opg-ivakic.hr\/index.php\/wp-json\/wp\/v2\/pages\/260\/revisions"}],"predecessor-version":[{"id":604,"href":"https:\/\/opg-ivakic.hr\/index.php\/wp-json\/wp\/v2\/pages\/260\/revisions\/604"}],"wp:attachment":[{"href":"https:\/\/opg-ivakic.hr\/index.php\/wp-json\/wp\/v2\/media?parent=260"}],"curies":[{"name":"wp","href":"https:\/\/api.w.org\/{rel}","templated":true}]}}